{"id":68,"date":"2019-12-22T22:12:01","date_gmt":"2019-12-22T22:12:01","guid":{"rendered":"https:\/\/beuermann.de\/?page_id=68"},"modified":"2023-10-19T10:28:19","modified_gmt":"2023-10-19T10:28:19","slug":"kontakt","status":"publish","type":"page","link":"https:\/\/beuermann.de\/en\/kontakt","title":{"rendered":"contact"},"content":{"rendered":"<h1><b>contact information<\/b><\/h1>\n<hr \/>\n<strong>Bernd Beuermann<\/strong>, media services,\u00a0G\u00f6ttingen, Niedersachsen<br \/>\n<strong>phone<\/strong> + 49 551 2909240,\u00a0<strong>mobile phone<\/strong> +49 163 1746827, <strong>fax<\/strong> +49 551 2909237,\u00a0<strong>e-mail:<\/strong> <a href=\"mailto:info@beuermann.de?subject=Anfrage%20von%20der%20Homepage%20Beuermann\">info@beuermann.de<\/a>\n\t<h1><b>Ich freue mich&#8230;<\/b><\/h1>\n<hr \/>\n<img loading=\"lazy\" decoding=\"async\" src=\"https:\/\/beuermann.de\/wp-content\/uploads\/2023\/10\/231009_BB_180_150_2.jpg\" alt=\"\" width=\"150\" height=\"180\" \/><br \/>\n&#8230;\u00fcber jeden Kontakt, sei es via E-Mail oder Telefon. Bitte haben Sie Verst\u00e4ndnis daf\u00fcr, das ich oft bei Auftraggebern oder mitten in einem Seminar bin und nicht sofort antworten kann. Meist geschieht meine Reaktion auf Ihre Anfrage innerhalb weniger Stunden, kann aber auch schon einmal einen Tag dauern.\n<p>&nbsp;<\/p>","protected":false},"excerpt":{"rendered":"<p>Kontaktdaten Bernd Beuermann, media services,\u00a0G\u00f6ttingen, Niedersachsen Telefon: + 49 551 2909240,\u00a0Mobiltelefon: +49 163 1746827, Fax: +49 551 2909237,\u00a0E-Mail: info@beuermann.de Ich freue mich&#8230; &#8230;\u00fcber jeden Kontakt, sei es via E-Mail oder Telefon. Bitte haben Sie Verst\u00e4ndnis daf\u00fcr, das ich oft bei Auftraggebern oder mitten in einem Seminar bin und nicht sofort antworten kann. Meist geschieht meine &hellip; <\/p>\n<p class=\"link-more\"><a href=\"https:\/\/beuermann.de\/en\/kontakt\" class=\"more-link\">Continue reading<span class=\"screen-reader-text\"> &#8222;Kontakt&#8220;<\/span><\/a><\/p>","protected":false},"author":1,"featured_media":0,"parent":0,"menu_order":0,"comment_status":"closed","ping_status":"closed","template":"","meta":{"footnotes":""},"class_list":["post-68","page","type-page","status-publish","hentry"],"_links":{"self":[{"href":"https:\/\/beuermann.de\/en\/wp-json\/wp\/v2\/pages\/68","targetHints":{"allow":["GET"]}}],"collection":[{"href":"https:\/\/beuermann.de\/en\/wp-json\/wp\/v2\/pages"}],"about":[{"href":"https:\/\/beuermann.de\/en\/wp-json\/wp\/v2\/types\/page"}],"author":[{"embeddable":true,"href":"https:\/\/beuermann.de\/en\/wp-json\/wp\/v2\/users\/1"}],"replies":[{"embeddable":true,"href":"https:\/\/beuermann.de\/en\/wp-json\/wp\/v2\/comments?post=68"}],"version-history":[{"count":22,"href":"https:\/\/beuermann.de\/en\/wp-json\/wp\/v2\/pages\/68\/revisions"}],"predecessor-version":[{"id":620,"href":"https:\/\/beuermann.de\/en\/wp-json\/wp\/v2\/pages\/68\/revisions\/620"}],"wp:attachment":[{"href":"https:\/\/beuermann.de\/en\/wp-json\/wp\/v2\/media?parent=68"}],"curies":[{"name":"wp","href":"https:\/\/api.w.org\/{rel}","templated":true}]}}