{"id":66,"date":"2019-12-22T22:11:40","date_gmt":"2019-12-22T22:11:40","guid":{"rendered":"https:\/\/beuermann.de\/?page_id=66"},"modified":"2021-04-05T21:40:04","modified_gmt":"2021-04-05T21:40:04","slug":"biografie","status":"publish","type":"page","link":"https:\/\/beuermann.de\/en\/biografie","title":{"rendered":"biography (g)"},"content":{"rendered":"\u2192 Realschule, Technisches Gymnasium<br \/>\n\u2192 Studium Physik und Mathematik<br \/>\n\u2192 Freier Bildjournalist<br \/>\n\u2192 Volontariat beim G\u00f6ttinger Tageblatt (GT)<br \/>\n\u2192 Redakteur beim GT<br \/>\n\u2192 Ressortleiter &#8222;Imaging&#8220; (Foto, Druckvorstufe, Medienarchiv) beim GT<br \/>\n<strong>\u2192 seit 2007 selbst\u00e4ndiger Journalist, Fotograf, Medienberater, Referent, Berater<\/strong><br \/>\n\u2192 2009 &#8211; 2011 Mitarbeit beim Internetdienstleister Desatec Systems im Marketing und Vertrieb<br \/>\n\u2192 2010 Mitarbeit Buchdigitalisierung Universit\u00e4tsbilbliothek G\u00f6ttingen<br \/>\n\u2192 2011 &#8211; 2014 Mitarbeit bei der Bildagentur Landpixel, schreibend, fotografierend und filmend\n<p>\u2192 Umfeld: eine tolle Frau, f\u00fcnf S\u00f6hne, ein Haus, viele B\u00e4ume, nette Nachbarn, zwei Macs und Fotosachen<\/p>\n<p>\u2192 Eigenschaften: Optimismus, Neugierde, Lust auf Neues, lebenslanges Lernen<\/p>\n<p>\u2192 Hobbys: meine Frau, meine Kinder, mein Job, Fotografie, Reisen, Medien, Geschichte, IT<\/p>","protected":false},"excerpt":{"rendered":"<p>\u2192 Realschule, Technisches Gymnasium \u2192 Studium Physik und Mathematik \u2192 Freier Bildjournalist \u2192 Volontariat beim G\u00f6ttinger Tageblatt (GT) \u2192 Redakteur beim GT \u2192 Ressortleiter &#8222;Imaging&#8220; (Foto, Druckvorstufe, Medienarchiv) beim GT \u2192 seit 2007 selbst\u00e4ndiger Journalist, Fotograf, Medienberater, Referent, Berater \u2192 2009 &#8211; 2011 Mitarbeit beim Internetdienstleister Desatec Systems im Marketing und Vertrieb \u2192 2010 Mitarbeit &hellip; <\/p>\n<p class=\"link-more\"><a href=\"https:\/\/beuermann.de\/en\/biografie\" class=\"more-link\">Continue reading<span class=\"screen-reader-text\"> &#8222;Biografie&#8220;<\/span><\/a><\/p>","protected":false},"author":1,"featured_media":0,"parent":0,"menu_order":0,"comment_status":"closed","ping_status":"closed","template":"","meta":{"footnotes":""},"class_list":["post-66","page","type-page","status-publish","hentry"],"_links":{"self":[{"href":"https:\/\/beuermann.de\/en\/wp-json\/wp\/v2\/pages\/66","targetHints":{"allow":["GET"]}}],"collection":[{"href":"https:\/\/beuermann.de\/en\/wp-json\/wp\/v2\/pages"}],"about":[{"href":"https:\/\/beuermann.de\/en\/wp-json\/wp\/v2\/types\/page"}],"author":[{"embeddable":true,"href":"https:\/\/beuermann.de\/en\/wp-json\/wp\/v2\/users\/1"}],"replies":[{"embeddable":true,"href":"https:\/\/beuermann.de\/en\/wp-json\/wp\/v2\/comments?post=66"}],"version-history":[{"count":11,"href":"https:\/\/beuermann.de\/en\/wp-json\/wp\/v2\/pages\/66\/revisions"}],"predecessor-version":[{"id":583,"href":"https:\/\/beuermann.de\/en\/wp-json\/wp\/v2\/pages\/66\/revisions\/583"}],"wp:attachment":[{"href":"https:\/\/beuermann.de\/en\/wp-json\/wp\/v2\/media?parent=66"}],"curies":[{"name":"wp","href":"https:\/\/api.w.org\/{rel}","templated":true}]}}