{"id":64,"date":"2019-12-22T22:11:12","date_gmt":"2019-12-22T22:11:12","guid":{"rendered":"https:\/\/beuermann.de\/?page_id=64"},"modified":"2023-10-10T15:28:00","modified_gmt":"2023-10-10T15:28:00","slug":"referenzen","status":"publish","type":"page","link":"https:\/\/beuermann.de\/en\/referenzen","title":{"rendered":"references"},"content":{"rendered":"<h1><b>\u00a0Referenzen von A &#8211; Z, In- und Ausland<\/b><\/h1>\n<hr \/>\nA<br \/>\nart tempi communications (K\u00f6ln) \u2022 Adolf W\u00fcrth GmbH &amp; Co. KG (K\u00fcnzelsau-Gaisbach) \u2022 Agrarservisgesellschaft S\u00fcdwestfalen mbH (Unna) \u2022\u00a0AGV Chemie und verwandte Industrien (Wiesbaden) \u2022 Albert Berner Deutschland GmbH (K\u00fcnzelsau) \u2022 Alfred Thun GmbH &amp; Co. KG (Ennepetal)\u2022 Akademie am Zentrum Informationsarbeit Bundeswehr (ZInfoBw, Strausberg bei Berlin) \u2022 Akademie Sankelmark (Oeversee bei Flensburg) \u2022 American Chamber of Commerce in Germany e.V. (Berlin) \u2022 AOK NORDWEST Die Gesundheitskasse (Kiel) \u2022 Arbeitskreis der Verlags-Pressesprecherinnen und -Pressesprecher (AVP) \u2022 AST text &amp; bild Medien (G\u00f6ttingen)\nB<br \/>\nBad Vilbeler Neue Presse (Bad Vilbel) \u2022 BASF SE (Ludwigshafen) \u2022 B\u00b7A\u00b7D Gesundheitsvorsorge und Sicherheitstechnik GmbH (Bonn) \u2022 Bayerische Hausbau GmbH &amp; Co. KG (M\u00fcnchen) \u2022 Bundeskanzleramt &#8211; Referat AS P &#8211; Presse- und \u00d6ffentlichkeitsarbeit, Die Beauftragte der Bundesregierung f\u00fcr Migration, Fl\u00fcchtlinge und Integration (Berlin) \u2022\u00a0Bundeswehr. Panzerbrigade 21 &#8222;Lipperland&#8220; (Augustdorf)\nC<br \/>\nCellesche Zeitung (Celle) \u2022 dpa (Hamburg) \u2022 ConEvent GmbH, Elbworkshop (Hamburg) \u2022 Copernicus Publications Gesellschaft mbH (G\u00f6ttingen) \u2022 CDU\/CSU-Fraktion im Deutschen Bundestag (Berlin)\nD<br \/>\nDaily Telegraph (London, Gro\u00dfbritannien) \u2022 Dainik Bhaskar Daily Newspaper (Jaipur, Rajasthan, Indien) \u2022 Deutscher Landwirtschaftsverlag GmbH (Hannover \u2022 Deutscher Journalistenverband (Hannover) \u2022 Deutsche Bundesstiftung Umwelt (Osnabr\u00fcck) \u2022 Deutscher Bundesverband f\u00fcr Logop\u00e4die e. V. (dbl, Frechen bei K\u00f6ln) \u2022 Deutsches Zentrum f\u00fcr Luft- und Raumfahrt e. V. (DLR, Braunschweig) \u2022 German Aerospace Center (DLR, Wessling) \u2022 digit! (K\u00f6ln) \u2022 DNV Klassifikationsgesellschaft (B\u00e6rum, Norwegen)\nE<br \/>\nEckart Zabel Achtsamkeitstraining (G\u00f6ttingen) \u2022 Eilbote Boomgarden Verlag GmbH (Winsen) \u2022 Elbworkshop (Hamburg) \u2022 European Management Assistants (EUMA) (\u00d6stereich) \u2022 Europa-Union Deutschland (Berlin) \u2022 Evangelische Stiftung Volmarstein (Wetter)\nF<br \/>\nFaktenkontor GmbH (Hamburg) \u2022 FIZ Karlsruhe GmbH, B\u00fcro Bonn BINE Informationsdienst &#8211; Energieforschung f\u00fcr die Praxis (Bonn) \u2022 fletwerk GmbH (Berlin) \u2022 Frankfurter Neue Presse \/ Frankfurter-Societ\u00e4ts-Druckerei-GmbH (Frankfurt) \u2022 Fuldaer Zeitung (Fulda)\nG<br \/>\nGarnet Education (Reading, England) \u2022 Geho\u0308rlosen-Sportverband Niedersachsen e.V. (Harsum) \u2022 Gemeinde-Unfallversicherungsverband (Oldenburg) \u2022 Goos Communication GmbH &amp; Co. KG (Hamburg)\nH<br \/>\nHellios Klinik Blankenhain (Blankenhain) \u2022 horizont group gmbh (Korbach) \u2022 H\u00f6chster Kreisblatt (Hofheim) \u2022 HCC- Hessisches Competence Center (Wiesbaden)\nI<br \/>\nIBA Hamburg GmbH (Hamburg) \u2022 IFRA (Darmstadt) \u2022 IFRA-ASIA (Singapur) \u2022 IFRA-INDIA (Chennai, Indien) \u2022 Inplace Development GmbH (Hamburg)\nJ<br \/>\nJohanniter Unfallhilfe (Hannover \/ Berlin \/ Brandenburg) \u2022 Journalistenzentrum Haus Busch (Hagen) \u2022 Journalistenzentrum Herne (Herne)\nK<br \/>\nKatharina Kasper Holding GmbH (Dernbach) \u2022 Kerala Media Academy (Kollam, Kerala, Indien) \u2022 KIRCHHOFF Automotive GmbH (Iserlohn) \u2022 Kommando Streitkr\u00e4ftebasis der Bundeswehr, Presse- und Informationszentrum (Bonn) \u2022 Konrad-Adenauer-Stiftung e.V. (Sankt Augustin) \u2022 K\u00f6rber AG (Hamburg) \u2022 Kulturb\u00fcro Rheinland-Pfalz (Lahnstein) \u2022 KWS SAAT SE (Einbeck) \u2022 Konrad- Zuse-Schule (H\u00fcnfeld)\nL<br \/>\nLandessportbund (Hannover) \u2022 Landpixel Bildagentur (G\u00f6ttingen) \u2022 Landwirtschaftskammer Niedersachsen (Hannover) \u2022 Leine-Deister-Zeitung (Gronau)\nM<br \/>\nMalayala Manorama (Kottayam, Kerala, Indien) \u2022 Magdeburger Volksstimme (Magdeburg) \u2022 Merck KGaA (Darmstadt) \u2022 MW Media Workshop GmbH (Hamburg)\nN<br \/>\nNassauische Neue Presse (Limburg) \u2022 NATO Headquarters Multinational Corps Northeast (Stettin, Szczecin, Polen) \u2022 Neu Isenbuger Neue Presse (Neue Isenburg) \u2022 newsaktuell \/ media-workshop (Hamburg) \u2022 newsaktuell (Z\u00fcrich, Schweiz)\u00a0\u2022 Netcologne (K\u00f6ln)\nO<br \/>\nOldenburgische Volkszeitung (Vechta) \u2022 Ober\u00f6sterreichische Nachrichten (Linz, \u00d6sterreich) \u2022 Okaz-Media-Group (Jeddah, Saudi Arabien)\nP<br \/>\nPhoto Presse (fr\u00fcher Hann. M\u00fcnden, jetzt K\u00f6nigswinter)\nS<br \/>\nSaarbr\u00fccker Zeitung (Saarbr\u00fccken) \u2022 Sartorius AG (G\u00f6ttingen) \u2022 Schleswig-Holsteinischer Zeitungsverlag (Flensburg) \u2022 Schweriner Volkszeitung (Schwerin) \u2022 Spiegel-Verlag (Hamburg) \u2022 SportRegion Hannover (Hannover) \u2022 St. Franziskus-Hospital GmbH (M\u00fcnster) \u2022 Stadtsportbund (G\u00f6ttingen) \u2022 Studienkreis (Bochum) \u2022\u00a0Studieninstitut des Landes Niedersachsen\u00a0(Hannover) \u2022\u00a0Staatskanzlei des Landes Niedersachsen (Hannover) \u2022 Soest stadtLABOR (Soest)\nT<br \/>\nTaunus Zeitung (Bad Homburg) \u2022 Torgauer Zeitung (Torgau) Usinger Neue Presse (Usingen) \u2022 Th\u00fcringer Theaterverband e.V. (Rudolstadt) \u2022 Tr\u00fcmner (G\u00f6ttingen)\nV<br \/>\nVerlag F. Wolff &amp; Sohn KG (Gronau) \u2022 Verband Deutscher Agrajournalisten (Hannover) \u2022 Verband der Lokalpresse (Berlin) \u2022 Verband Pro Generika (Berlin)\u00a0\u2022 Vestische Stra\u00dfenbahnen GmbH (Herten) \u2022 Vitos GmbH (Kassel)\nW<br \/>\nWarsteiner Brauerei Haus Cramer KG (Warstein) \u2022 Wochenspiegel (Potsdam)\u00a0\u2022 Wolfsburg AG (Wolfsburg)\nZ<br \/>\nZeitungsverlag Schwerin (Schwerin) \u2022 Zentrum f\u00fcr Verifikationsaufgaben der Bundeswehr (ZVBw, Geilenkirchen)","protected":false},"excerpt":{"rendered":"<p>\u00a0Referenzen von A &#8211; Z, In- und Ausland A art tempi communications (K\u00f6ln) \u2022 Adolf W\u00fcrth GmbH &amp; Co. KG (K\u00fcnzelsau-Gaisbach) \u2022 Agrarservisgesellschaft S\u00fcdwestfalen mbH (Unna) \u2022\u00a0AGV Chemie und verwandte Industrien (Wiesbaden) \u2022 Albert Berner Deutschland GmbH (K\u00fcnzelsau) \u2022 Alfred Thun GmbH &amp; Co. KG (Ennepetal)\u2022 Akademie am Zentrum Informationsarbeit Bundeswehr (ZInfoBw, Strausberg bei Berlin) &hellip; <\/p>\n<p class=\"link-more\"><a href=\"https:\/\/beuermann.de\/en\/referenzen\" class=\"more-link\">Continue reading<span class=\"screen-reader-text\"> &#8222;Referenzen&#8220;<\/span><\/a><\/p>","protected":false},"author":1,"featured_media":0,"parent":0,"menu_order":0,"comment_status":"closed","ping_status":"closed","template":"","meta":{"footnotes":""},"class_list":["post-64","page","type-page","status-publish","hentry"],"_links":{"self":[{"href":"https:\/\/beuermann.de\/en\/wp-json\/wp\/v2\/pages\/64","targetHints":{"allow":["GET"]}}],"collection":[{"href":"https:\/\/beuermann.de\/en\/wp-json\/wp\/v2\/pages"}],"about":[{"href":"https:\/\/beuermann.de\/en\/wp-json\/wp\/v2\/types\/page"}],"author":[{"embeddable":true,"href":"https:\/\/beuermann.de\/en\/wp-json\/wp\/v2\/users\/1"}],"replies":[{"embeddable":true,"href":"https:\/\/beuermann.de\/en\/wp-json\/wp\/v2\/comments?post=64"}],"version-history":[{"count":16,"href":"https:\/\/beuermann.de\/en\/wp-json\/wp\/v2\/pages\/64\/revisions"}],"predecessor-version":[{"id":614,"href":"https:\/\/beuermann.de\/en\/wp-json\/wp\/v2\/pages\/64\/revisions\/614"}],"wp:attachment":[{"href":"https:\/\/beuermann.de\/en\/wp-json\/wp\/v2\/media?parent=64"}],"curies":[{"name":"wp","href":"https:\/\/api.w.org\/{rel}","templated":true}]}}