{"id":42,"date":"2019-12-22T22:07:50","date_gmt":"2019-12-22T22:07:50","guid":{"rendered":"https:\/\/beuermann.de\/?page_id=42"},"modified":"2023-10-10T15:43:46","modified_gmt":"2023-10-10T15:43:46","slug":"service","status":"publish","type":"page","link":"https:\/\/beuermann.de\/en\/service","title":{"rendered":"services (g)"},"content":{"rendered":"<h1><b>training and seminars<\/b><\/h1>\n<hr \/>\n<strong><img loading=\"lazy\" decoding=\"async\" src=\"https:\/\/beuermann.de\/wp-content\/uploads\/2019\/12\/Schulungen_250px_130px_6555.jpg\" alt=\"\" width=\"250\" height=\"130\" \/>Training and seminars for digital photography, videography and image and video processing.<\/strong><br \/>\nIn der Medienbranche und in der Unternehmenskommunikation ist der <b>fotografierende und videografierende Medienschaffende, <\/b>sei es mit klassischer Kamera oder Smartphone,\u00a0immer mehr die Realit\u00e4t. Unzureichende Ausr\u00fcstungen, falsche Kameraeinstellungen, keine Ahnung vom Blitzen und der richtigen Beleuchtung, Hilflosigkeit bei ung\u00fcnstigen Lichtverh\u00e4ltnissen und fehlende Grundkenntnisse \u00fcber einen interessanten Bildaufbau, sind oft die Gr\u00fcnde f\u00fcr amateurhaft wirkende Bilder und Videos. Es muss mit Qualit\u00e4t gepunktet werden &#8211; und das gilt vor allem f\u00fcr die visuellen Botschaften, sei es in klassischen Medien oder der Social Media Welt, denn diese werden zu erst wahrgenommen! F\u00fchren Sie ein <b>Upgrade in Sachen Bild- und Videoqualit\u00e4t und Motivation<\/b> mit einer Schulung in Ihrem Verlag, Unternehmen oder Organisation durch. Bei dem Thema <b>Bildbearbeitung<\/b> werden die Programme <b>Adobe Photoshop Elements, Affinity Photo und GIMP<\/b> ber\u00fccksichtigt. Bei dem Thema <b>Videobearbeitung<\/b> werden die Programme <b>Adobe\u00a0Premiere, Adobe\u00a0Premiere Elements, iMovie, Wondershare Filmora, Movavi Video Editor, OpenShot und ShotCut\u00a0<\/b>ber\u00fccksichtigt. Andere Programme auf Anfrage. Lassen Sie uns gemeinsam eine Strategie einer passgenauen Fortbildung f\u00fcr Ihre Unternehmung entwickeln.\n<a href=\"https:\/\/beuermann.de\/en\/kontakt\/\" rel=\"noopener\">Kontakt\u00bb<\/a>\n\t<h1><b>photography<\/b><\/h1>\n<hr \/>\n<strong><img loading=\"lazy\" decoding=\"async\" src=\"https:\/\/beuermann.de\/wp-content\/uploads\/2019\/12\/Fotografie_250px_130px_0724.jpg\" alt=\"\" width=\"250\" height=\"130\" \/>Journalistische Fotografie f\u00fcr Presse und Unternehmenskommunikation.<\/strong><br \/>\nEgal, ob es sich um die Wahrnehmung eines klassischen Pressetermin, oder die Erstellung von Pressefotos f\u00fcr eine Kampagne handelt &#8211;\u00a0ich stehe Ihnen mit meinen <b>\u00fcber 30 Jahren Erfahrungen Pressefotografie<\/b> zur Verf\u00fcgung. Ausgestatt mit einer <b>modernen digitalen\u00a0Kamerausstattung (Vollformat)<\/b> und Zubeh\u00f6r,\u00a0erstelle ich Ihnen <b>aktuelles Pressematarial in hoher\u00a0Qualit\u00e4t<\/b>. Auf Wunsch auch mit der ganzen Verabeitungs- und Distributionskette, wie Bildbearbeitung, Betextung und dem postalischen oder\u00a0digitalen Versand. Wenn Sie zu dem noch <b>Videos f\u00fcr YouTube<\/b> und Facebook und Co. ben\u00f6tigen, keine Problem. Das kann, inklusive Schnitt und\u00a0Vertonung, gleich miterledigt werden. Auch ein kompletter Service mit <b>Text, Bild, Video<\/b> kann geordert werden:\n<ul>\n<li>\n<ul>\n<li>Durchf\u00fchrung jeglicher Art von Fototerminen.<\/li>\n<li>Pressetermine, Eventfotografie, Reisefotografie, Produktfotografie, TabelTop usw..<\/li>\n<li>Panoramafotografie, High Dynamic Range (HDR) Fotografie.<\/li>\n<li>Fotos und Videos mit Drohne.<\/li>\n<li>Erstellung von Videos f\u00fcr YouTube und Co.<\/li>\n<li>Modernste Kameratechnik, Bilddateien bis 57 MB<\/li>\n<li>Keine Bilderflut durch Bildvorauswahl, \u00dcbergabe s\u00e4mtlicher Dateien (RAW und JPG).<\/li>\n<li>Honorarpauschalen, \u00dcbertragung aller Nutzungsrechte.<\/li>\n<li>Sicheres und seri\u00f6ses Auftreten, keine Scheu vor Promis, Auslandserfahrung, Englisch flie\u00dfend.<\/li>\n<\/ul>\n<\/li>\n<\/ul>\n<a href=\"https:\/\/beuermann.de\/en\/kontakt\/\" rel=\"noopener\">Kontakt\u00bb<\/a>\n\t<h1><b>consulting<\/b><\/h1>\n<hr \/>\n<strong><img loading=\"lazy\" decoding=\"async\" src=\"https:\/\/beuermann.de\/wp-content\/uploads\/2019\/12\/Beratung_250px_130px_0061.jpg\" alt=\"\" width=\"250\" height=\"130\" \/>Investment consulting for cameras, software and workflow<\/strong><br \/>\nDie Angebote von <b>Kameratechnik und Software<\/b> sind verwirrend gro\u00df und meist kennt selbst ein kompetenter Berater im Einzelhandel die spezifischen\u00a0<b>Bed\u00fcrfnisse von Medienschaffenden<\/b> nicht. Gerne helfe ich Ihnen nach der akribischen <b>Anlyse Ihrer Anforderungen<\/b> die <b>passende<br \/>\nFotoausr\u00fcstung<\/b> zusammen zustellen, die <b>richtige Software<\/b> zu finden und einen sinnvollen Workflow und gegebenenfalls eine <b>Mediendatenbank\u00a0L\u00f6sung<\/b> f\u00fcr Ihre digitale Daten zu etablieren. In einem <b>Personal Coaching<\/b> kann ich Ihnen und Ihren Kollegen die <b>Bedienung der Technik\u00a0<\/b>zeigen, oder Sie buchen gleich ein komplettes Eintagesseminar, bei der Sie ihre neue Investition gleich einsetzen k\u00f6nnen.\n<a href=\"https:\/\/beuermann.de\/en\/kontakt\/\" rel=\"noopener\">Kontakt\u00bb<\/a>\n\t<h1><b>Bild- und Videobearbeitung<\/b><\/h1>\n<hr \/>\n<strong><img loading=\"lazy\" decoding=\"async\" src=\"https:\/\/beuermann.de\/wp-content\/uploads\/2019\/12\/Bildbearbeitung_250px_130px.jpg\" alt=\"\" width=\"250\" height=\"130\" \/>Bildbearbeitung f\u00fcr Print, Online und mehr. Videobearbeitung f\u00fcr Social Media.<\/strong><br \/>\nSie ben\u00f6tigen schnell und zuverl\u00e4ssig eine <b>professionelle Bild-bearbeitung<\/b> von <b>Scans<\/b> oder vorhandenen\u00a0<b>digitalen Fotos<\/b>? Kein Problem! Ich bearbeite Ihre Bilder f\u00fcr die gew\u00fcnschten <b>Ausgabe-Medien, wie Print, Online oder Fotobelichtung<\/b>.\u00a0Nat\u00fcrlich \u00fcbenehme ich auch Spezialaufgaben, wie Retuschen, Fotomontagen, Freistellungen und Fotorestaurationen.<br \/>\n<b>Kalibrierte Monitore und Farbmanagement<\/b> garantieren Ihnen gute\u00a0Ergebnisse. Das Gleiche gilt f\u00fcr Ihre Videosequenzen, die ich gerne zu einem kompletten neuen Video zusammenschneide .\n<ul>\n<li>\n<ul>\n<li>Verarbeitung aller Dateiformate, inklusive RAW (DNG).<\/li>\n<li>Bildbearbeitung f\u00fcr Print und Web.<\/li>\n<li>Bldmanipulationen, Fotomontagen und Retuschen.<\/li>\n<li>Erstellung von Bild\u00fcbersichten.<\/li>\n<li>Betextung nach dem IPTC\/XMP Standard.<\/li>\n<li>Abspeichern von Daten auf Datentr\u00e4ger.<\/li>\n<li>\u00dcbertragung von Daten per FTP oder E-Mail.<\/li>\n<li>Bereitstellung von Daten in Cloud-Diensten.<\/li>\n<li>Erstellung von Online Bildergalerien<\/li>\n<li>Erstellung von Webseiten.<\/li>\n<\/ul>\n<\/li>\n<\/ul>","protected":false},"excerpt":{"rendered":"<p>Schulungen, Seminare und Lehrg\u00e4nge Schulungen, Seminare und Lehrg\u00e4nge f\u00fcr digitale Foto- und Videografie, Bild- und Videobearbeitung. In der Medienbranche und in der Unternehmenskommunikation ist der fotografierende und videografierende Medienschaffende, sei es mit klassischer Kamera oder Smartphone,\u00a0immer mehr die Realit\u00e4t. Unzureichende Ausr\u00fcstungen, falsche Kameraeinstellungen, keine Ahnung vom Blitzen und der richtigen Beleuchtung, Hilflosigkeit bei ung\u00fcnstigen Lichtverh\u00e4ltnissen &hellip; <\/p>\n<p class=\"link-more\"><a href=\"https:\/\/beuermann.de\/en\/service\" class=\"more-link\">Continue reading<span class=\"screen-reader-text\"> &#8222;Service&#8220;<\/span><\/a><\/p>","protected":false},"author":1,"featured_media":0,"parent":0,"menu_order":0,"comment_status":"closed","ping_status":"closed","template":"","meta":{"footnotes":""},"class_list":["post-42","page","type-page","status-publish","hentry"],"_links":{"self":[{"href":"https:\/\/beuermann.de\/en\/wp-json\/wp\/v2\/pages\/42","targetHints":{"allow":["GET"]}}],"collection":[{"href":"https:\/\/beuermann.de\/en\/wp-json\/wp\/v2\/pages"}],"about":[{"href":"https:\/\/beuermann.de\/en\/wp-json\/wp\/v2\/types\/page"}],"author":[{"embeddable":true,"href":"https:\/\/beuermann.de\/en\/wp-json\/wp\/v2\/users\/1"}],"replies":[{"embeddable":true,"href":"https:\/\/beuermann.de\/en\/wp-json\/wp\/v2\/comments?post=42"}],"version-history":[{"count":26,"href":"https:\/\/beuermann.de\/en\/wp-json\/wp\/v2\/pages\/42\/revisions"}],"predecessor-version":[{"id":615,"href":"https:\/\/beuermann.de\/en\/wp-json\/wp\/v2\/pages\/42\/revisions\/615"}],"wp:attachment":[{"href":"https:\/\/beuermann.de\/en\/wp-json\/wp\/v2\/media?parent=42"}],"curies":[{"name":"wp","href":"https:\/\/api.w.org\/{rel}","templated":true}]}}