{"id":412,"date":"2019-12-28T13:20:52","date_gmt":"2019-12-28T13:20:52","guid":{"rendered":"https:\/\/beuermann.de\/?page_id=412"},"modified":"2021-05-17T07:45:12","modified_gmt":"2021-05-17T07:45:12","slug":"impressum","status":"publish","type":"page","link":"https:\/\/beuermann.de\/en\/impressum","title":{"rendered":"imprint"},"content":{"rendered":"<h1><b>imprint<\/b><\/h1>\n<hr \/>\n<p>erf\u00fcllt die Pflicht zur Anbieterkennzeichung nach \u00a7 5 TMG (Telemediengesetz) (fr\u00fcher \u00a7 6 TDG und \u00a7 10 MDStV))<\/p>\ngilt f\u00fcr folgende Domains und deren Sub-Domains und mit den dort dargestellten Inhalten:<br \/>\n<strong>www.beuermann.de<\/strong>\n<strong>www.beuermann.com<\/strong>\n<strong>www.beuermann.xyz<\/strong>\n<p>&nbsp;<\/p>\n<strong>Anschrift:<\/strong><br \/>\nBernd Beuermann, Garbenstra\u03b2e 32, D-37081 G\u00f6ttingen<br \/>\nTelefon: 0551 2909240, Telefax: 0551 2909237<br \/>\nE-Mail : info@beuermann.de, Internet: www.beuermann.de\n\n<p>Der Inhaber Bernd Beuermann \u00fcbernimmt keine Gew\u00e4hr f\u00fcr die Fehlerfreiheit von Daten und Software, die von den Internetseiten heruntergeladen werden k\u00f6nnen. Ich empfehle, Daten und Software nach dem Herunterladen auf Virenbefall mit jeweils neuster Virensuchsoftware zu pr\u00fcfen.<\/p>\n\n<p>Der Inhalt dieser Internetseiten ist urheberrechtlich gesch\u00fctzt. Es darf eine Kopie der Informationen der Internetseiten auf einem einzigen Computer f\u00fcr den nicht-kommerziellen und pers\u00f6nlichen internen Gebrauch gespeichert werden. Grafiken, Texte, Logos, Bilder usw. d\u00fcrfen nur nach schriftlicher Genehmigung durch den Inhaber Bernd Beuermann heruntergeladen, vervielf\u00e4ltigt, kopiert, ge\u00e4ndert, ver\u00f6ffentlicht, versendet, \u00fcbertragen oder in sonstiger Form genutzt werden. Bei genannten Produkt- und Firmennamen kann es sich um eingetragene Warenzeichen oder Marken handeln. Die unberechtigte Verwendung kann zu Schadensersatzanspr\u00fcchen und Unterlassungsanspr\u00fcchen f\u00fchren.<\/p>\n<h2>Schutz pers\u00f6nlicher Daten und Vertraulichkeit<\/h2>\n<p>Es kann nicht garantiert werden, da\u03b2 Informationen oder pers\u00f6nliche Daten, die uns \u00fcbermittelt werden, bei der \u00fcbermittlung nicht von Dritten &#8222;abgeh\u00f6rt&#8220; werden.<\/p>\n\nDer Inhaber Bernd Beuermann haftet nicht f\u00fcr Sch\u00e4den insbesondere nicht f\u00fcr unmittelbare oder mittelbare Folgesch\u00e4den, Datenverlust, entgangenen Gewinn, System- oder Produktionsausf\u00e4lle, die durch die Nutzung dieser Internetseiten oder das Herunterladen von Daten entstehen. Liegt bei einem entstandenen Schaden durch die Nutzung der Internetseiten oder das Herunterladen von Daten Vorsatz oder grobe Fahrl\u00e4ssigkeit vor, gilt der Haftungsauschlu\u03b2 nicht. Die durch die Nutzung der Internetseiten entstandene Rechtsbeziehung zwischen Ihnen und dem Inhaber Bernd Beuermann unterliegt dem Recht der Bundesrepublik Deutschland.","protected":false},"excerpt":{"rendered":"<p>Impressum erf\u00fcllt die Pflicht zur Anbieterkennzeichung nach \u00a7 5 TMG (Telemediengesetz) (fr\u00fcher \u00a7 6 TDG und \u00a7 10 MDStV)) gilt f\u00fcr folgende Domains und deren Sub-Domains und mit den dort dargestellten Inhalten: www.beuermann.de www.beuermann.com www.beuermann.xyz &nbsp; Anschrift: Bernd Beuermann, Garbenstra\u03b2e 32, D-37081 G\u00f6ttingen Telefon: 0551 2909240, Telefax: 0551 2909237 E-Mail : info@beuermann.de, Internet: www.beuermann.de Der &hellip; <\/p>\n<p class=\"link-more\"><a href=\"https:\/\/beuermann.de\/en\/impressum\" class=\"more-link\">Continue reading<span class=\"screen-reader-text\"> &#8222;Impressum&#8220;<\/span><\/a><\/p>","protected":false},"author":1,"featured_media":0,"parent":0,"menu_order":0,"comment_status":"closed","ping_status":"closed","template":"","meta":{"footnotes":""},"class_list":["post-412","page","type-page","status-publish","hentry"],"_links":{"self":[{"href":"https:\/\/beuermann.de\/en\/wp-json\/wp\/v2\/pages\/412","targetHints":{"allow":["GET"]}}],"collection":[{"href":"https:\/\/beuermann.de\/en\/wp-json\/wp\/v2\/pages"}],"about":[{"href":"https:\/\/beuermann.de\/en\/wp-json\/wp\/v2\/types\/page"}],"author":[{"embeddable":true,"href":"https:\/\/beuermann.de\/en\/wp-json\/wp\/v2\/users\/1"}],"replies":[{"embeddable":true,"href":"https:\/\/beuermann.de\/en\/wp-json\/wp\/v2\/comments?post=412"}],"version-history":[{"count":6,"href":"https:\/\/beuermann.de\/en\/wp-json\/wp\/v2\/pages\/412\/revisions"}],"predecessor-version":[{"id":594,"href":"https:\/\/beuermann.de\/en\/wp-json\/wp\/v2\/pages\/412\/revisions\/594"}],"wp:attachment":[{"href":"https:\/\/beuermann.de\/en\/wp-json\/wp\/v2\/media?parent=412"}],"curies":[{"name":"wp","href":"https:\/\/api.w.org\/{rel}","templated":true}]}}